{"id":1568,"date":"2025-04-16T15:08:50","date_gmt":"2025-04-16T13:08:50","guid":{"rendered":"https:\/\/adventurelabstudio.auxodev2.dk\/?page_id=1568"},"modified":"2025-05-23T11:09:06","modified_gmt":"2025-05-23T09:09:06","slug":"adventurelab-studio","status":"publish","type":"page","link":"https:\/\/adventurelabstudio.auxodev2.dk\/da\/adventurelab-studio\/","title":{"rendered":"AdventureLAB Studio"},"content":{"rendered":"<div data-elementor-type=\"wp-page\" data-elementor-id=\"1568\" class=\"elementor elementor-1568\" data-elementor-post-type=\"page\">\n\t\t\t\t<div class=\"elementor-element elementor-element-29a6f17 e-flex e-con-boxed e-con e-parent\" data-id=\"29a6f17\" data-element_type=\"container\" data-settings=\"{&quot;background_background&quot;:&quot;classic&quot;}\">\n\t\t\t\t\t<div class=\"e-con-inner\">\n\t\t\t\t\t<\/div>\n\t\t\t\t<\/div>\n\t\t<div class=\"elementor-element elementor-element-52f7c7f e-flex e-con-boxed e-con e-parent\" data-id=\"52f7c7f\" data-element_type=\"container\">\n\t\t\t\t\t<div class=\"e-con-inner\">\n\t\t<div class=\"elementor-element elementor-element-c7ca646 e-con-full e-flex e-con e-child\" data-id=\"c7ca646\" data-element_type=\"container\">\n\t\t\t\t<div class=\"elementor-element elementor-element-6618444 elementor-widget elementor-widget-heading\" data-id=\"6618444\" data-element_type=\"widget\" data-widget_type=\"heading.default\">\n\t\t\t\t<div class=\"elementor-widget-container\">\n\t\t\t\t\t<h2 class=\"elementor-heading-title elementor-size-default\">Powering creative journeys<\/h2>\t\t\t\t<\/div>\n\t\t\t\t<\/div>\n\t\t\t\t<div class=\"elementor-element elementor-element-d561f26 elementor-widget elementor-widget-heading\" data-id=\"d561f26\" data-element_type=\"widget\" data-widget_type=\"heading.default\">\n\t\t\t\t<div class=\"elementor-widget-container\">\n\t\t\t\t\t<h6 class=\"elementor-heading-title elementor-size-default\">Vi hj\u00e6lper organisationer med at udvikle, designe og levere succesfulde kreative strategier og koncepter gennem facilitering, workshops og ved at stille yderligere kompetencer til r\u00e5dighed, n\u00e5r det er n\u00f8dvendigt.\n\n\n<\/h6>\t\t\t\t<\/div>\n\t\t\t\t<\/div>\n\t\t\t\t<\/div>\n\t\t<div class=\"elementor-element elementor-element-7542902 e-con-full e-flex e-con e-child\" data-id=\"7542902\" data-element_type=\"container\">\n\t\t\t\t<div class=\"elementor-element elementor-element-9675243 elementor-widget elementor-widget-video\" data-id=\"9675243\" data-element_type=\"widget\" data-settings=\"{&quot;video_type&quot;:&quot;hosted&quot;,&quot;autoplay&quot;:&quot;yes&quot;,&quot;play_on_mobile&quot;:&quot;yes&quot;,&quot;mute&quot;:&quot;yes&quot;,&quot;controls&quot;:&quot;yes&quot;}\" data-widget_type=\"video.default\">\n\t\t\t\t<div class=\"elementor-widget-container\">\n\t\t\t\t\t\t\t<div class=\"e-hosted-video elementor-wrapper elementor-open-inline\">\n\t\t\t\t\t<video class=\"elementor-video\" src=\"https:\/\/adventurelabstudio.auxodev2.dk\/wp-content\/uploads\/AdventureLAB-StudioX.mp4\" autoplay=\"\" controls=\"\" muted=\"muted\" playsinline=\"\" controlslist=\"nodownload\"><\/video>\n\t\t\t\t<\/div>\n\t\t\t\t\t\t<\/div>\n\t\t\t\t<\/div>\n\t\t\t\t<\/div>\n\t\t\t\t\t<\/div>\n\t\t\t\t<\/div>\n\t\t<div class=\"elementor-element elementor-element-b6ea9d0 e-flex e-con-boxed e-con e-parent\" data-id=\"b6ea9d0\" data-element_type=\"container\" data-settings=\"{&quot;background_background&quot;:&quot;classic&quot;}\">\n\t\t\t\t\t<div class=\"e-con-inner\">\n\t\t<div class=\"elementor-element elementor-element-0dc3d87 e-con-full e-flex e-con e-child\" data-id=\"0dc3d87\" data-element_type=\"container\">\n\t\t\t\t<div class=\"elementor-element elementor-element-44a4a25 elementor-widget elementor-widget-heading\" data-id=\"44a4a25\" data-element_type=\"widget\" data-widget_type=\"heading.default\">\n\t\t\t\t<div class=\"elementor-widget-container\">\n\t\t\t\t\t<h2 class=\"elementor-heading-title elementor-size-default\">Where creativity comes to life<\/h2>\t\t\t\t<\/div>\n\t\t\t\t<\/div>\n\t\t\t\t<div class=\"elementor-element elementor-element-df69faa elementor-widget elementor-widget-heading\" data-id=\"df69faa\" data-element_type=\"widget\" data-widget_type=\"heading.default\">\n\t\t\t\t<div class=\"elementor-widget-container\">\n\t\t\t\t\t<h6 class=\"elementor-heading-title elementor-size-default\">Get a closer look at how we design creative strategies, develop ideas, and bring stories to life\u2014through solutions, experimentation, and real-world cases.\n\n\n\n\n\n<\/h6>\t\t\t\t<\/div>\n\t\t\t\t<\/div>\n\t\t\t\t<\/div>\n\t\t<div class=\"elementor-element elementor-element-62b6e20 e-con-full e-grid e-con e-child\" data-id=\"62b6e20\" data-element_type=\"container\">\n\t\t<a class=\"elementor-element elementor-element-2ede327 e-transform e-con-full e-flex e-con e-child\" data-id=\"2ede327\" data-element_type=\"container\" data-settings=\"{&quot;background_background&quot;:&quot;classic&quot;,&quot;_transform_translateY_effect_hover&quot;:{&quot;unit&quot;:&quot;px&quot;,&quot;size&quot;:-20,&quot;sizes&quot;:[]},&quot;_transform_translateY_effect_hover_tablet&quot;:{&quot;unit&quot;:&quot;px&quot;,&quot;size&quot;:0,&quot;sizes&quot;:[]},&quot;_transform_translateX_effect_hover&quot;:{&quot;unit&quot;:&quot;px&quot;,&quot;size&quot;:&quot;&quot;,&quot;sizes&quot;:[]},&quot;_transform_translateX_effect_hover_tablet&quot;:{&quot;unit&quot;:&quot;px&quot;,&quot;size&quot;:&quot;&quot;,&quot;sizes&quot;:[]},&quot;_transform_translateX_effect_hover_mobile&quot;:{&quot;unit&quot;:&quot;px&quot;,&quot;size&quot;:&quot;&quot;,&quot;sizes&quot;:[]},&quot;_transform_translateY_effect_hover_mobile&quot;:{&quot;unit&quot;:&quot;px&quot;,&quot;size&quot;:&quot;&quot;,&quot;sizes&quot;:[]}}\" href=\"https:\/\/adventurelabstudio.auxodev2.dk\/da\/adventurelab-studio\/studio-solutions\/\">\n\t\t\t\t<div class=\"elementor-element elementor-element-c054473 elementor-widget elementor-widget-heading\" data-id=\"c054473\" data-element_type=\"widget\" data-widget_type=\"heading.default\">\n\t\t\t\t<div class=\"elementor-widget-container\">\n\t\t\t\t\t<h3 class=\"elementor-heading-title elementor-size-default\">Studio solutions<\/h3>\t\t\t\t<\/div>\n\t\t\t\t<\/div>\n\t\t\t\t<div class=\"elementor-element elementor-element-172605f elementor-widget elementor-widget-text-editor\" data-id=\"172605f\" data-element_type=\"widget\" data-widget_type=\"text-editor.default\">\n\t\t\t\t<div class=\"elementor-widget-container\">\n\t\t\t\t\t\t\t\t\tTailored creative strategies and concepts designed to support your vision\u2014ready to be applied, developed, or co-created.\n\n\t\t\t\t\t\t\t\t<\/div>\n\t\t\t\t<\/div>\n\t\t\t\t<\/a>\n\t\t<a class=\"elementor-element elementor-element-ca49d49 e-transform e-con-full e-flex e-con e-child\" data-id=\"ca49d49\" data-element_type=\"container\" data-settings=\"{&quot;background_background&quot;:&quot;classic&quot;,&quot;_transform_translateY_effect_hover&quot;:{&quot;unit&quot;:&quot;px&quot;,&quot;size&quot;:-20,&quot;sizes&quot;:[]},&quot;_transform_translateY_effect_hover_tablet&quot;:{&quot;unit&quot;:&quot;px&quot;,&quot;size&quot;:0,&quot;sizes&quot;:[]},&quot;_transform_translateX_effect_hover&quot;:{&quot;unit&quot;:&quot;px&quot;,&quot;size&quot;:&quot;&quot;,&quot;sizes&quot;:[]},&quot;_transform_translateX_effect_hover_tablet&quot;:{&quot;unit&quot;:&quot;px&quot;,&quot;size&quot;:&quot;&quot;,&quot;sizes&quot;:[]},&quot;_transform_translateX_effect_hover_mobile&quot;:{&quot;unit&quot;:&quot;px&quot;,&quot;size&quot;:&quot;&quot;,&quot;sizes&quot;:[]},&quot;_transform_translateY_effect_hover_mobile&quot;:{&quot;unit&quot;:&quot;px&quot;,&quot;size&quot;:&quot;&quot;,&quot;sizes&quot;:[]}}\" href=\"https:\/\/adventurelabstudio.auxodev2.dk\/da\/adventurelab-studio\/labs\/\">\n\t\t\t\t<div class=\"elementor-element elementor-element-1c0cd0e elementor-widget elementor-widget-heading\" data-id=\"1c0cd0e\" data-element_type=\"widget\" data-widget_type=\"heading.default\">\n\t\t\t\t<div class=\"elementor-widget-container\">\n\t\t\t\t\t<h3 class=\"elementor-heading-title elementor-size-default\">LABS<\/h3>\t\t\t\t<\/div>\n\t\t\t\t<\/div>\n\t\t\t\t<div class=\"elementor-element elementor-element-bb65bad elementor-widget elementor-widget-text-editor\" data-id=\"bb65bad\" data-element_type=\"widget\" data-widget_type=\"text-editor.default\">\n\t\t\t\t<div class=\"elementor-widget-container\">\n\t\t\t\t\t\t\t\t\tOur creative playgrounds. Labs are where ideas are tested, explored, and shaped into powerful tools and new methods for storytelling and design.\n\n\t\t\t\t\t\t\t\t<\/div>\n\t\t\t\t<\/div>\n\t\t\t\t<\/a>\n\t\t<a class=\"elementor-element elementor-element-c351e3f e-transform e-con-full e-flex e-con e-child\" data-id=\"c351e3f\" data-element_type=\"container\" data-settings=\"{&quot;background_background&quot;:&quot;classic&quot;,&quot;_transform_translateY_effect_hover&quot;:{&quot;unit&quot;:&quot;px&quot;,&quot;size&quot;:-20,&quot;sizes&quot;:[]},&quot;_transform_translateY_effect_hover_tablet&quot;:{&quot;unit&quot;:&quot;px&quot;,&quot;size&quot;:0,&quot;sizes&quot;:[]},&quot;_transform_translateX_effect_hover&quot;:{&quot;unit&quot;:&quot;px&quot;,&quot;size&quot;:&quot;&quot;,&quot;sizes&quot;:[]},&quot;_transform_translateX_effect_hover_tablet&quot;:{&quot;unit&quot;:&quot;px&quot;,&quot;size&quot;:&quot;&quot;,&quot;sizes&quot;:[]},&quot;_transform_translateX_effect_hover_mobile&quot;:{&quot;unit&quot;:&quot;px&quot;,&quot;size&quot;:&quot;&quot;,&quot;sizes&quot;:[]},&quot;_transform_translateY_effect_hover_mobile&quot;:{&quot;unit&quot;:&quot;px&quot;,&quot;size&quot;:&quot;&quot;,&quot;sizes&quot;:[]}}\" href=\"https:\/\/adventurelabstudio.auxodev2.dk\/da\/adventurelab-studio\/cases\/\">\n\t\t\t\t<div class=\"elementor-element elementor-element-5a9b7e3 elementor-widget elementor-widget-heading\" data-id=\"5a9b7e3\" data-element_type=\"widget\" data-widget_type=\"heading.default\">\n\t\t\t\t<div class=\"elementor-widget-container\">\n\t\t\t\t\t<h3 class=\"elementor-heading-title elementor-size-default\">Sager<\/h3>\t\t\t\t<\/div>\n\t\t\t\t<\/div>\n\t\t\t\t<div class=\"elementor-element elementor-element-90c30a1 elementor-widget elementor-widget-text-editor\" data-id=\"90c30a1\" data-element_type=\"widget\" data-widget_type=\"text-editor.default\">\n\t\t\t\t<div class=\"elementor-widget-container\">\n\t\t\t\t\t\t\t\t\tTake a look behind the scenes. Discover selected projects and collaborations that show how our methods come to life in the real world.\n\n\t\t\t\t\t\t\t\t<\/div>\n\t\t\t\t<\/div>\n\t\t\t\t<\/a>\n\t\t\t\t<\/div>\n\t\t\t\t\t<\/div>\n\t\t\t\t<\/div>\n\t\t<div class=\"elementor-element elementor-element-4846be1 e-flex e-con-boxed e-con e-parent\" data-id=\"4846be1\" data-element_type=\"container\">\n\t\t\t\t\t<div class=\"e-con-inner\">\n\t\t\t\t<div class=\"elementor-element elementor-element-27a519a elementor-invisible elementor-widget elementor-widget-heading\" data-id=\"27a519a\" data-element_type=\"widget\" data-settings=\"{&quot;_animation&quot;:&quot;fadeInUp&quot;}\" data-widget_type=\"heading.default\">\n\t\t\t\t<div class=\"elementor-widget-container\">\n\t\t\t\t\t<h3 class=\"elementor-heading-title elementor-size-default\">F\u00f8lg os p\u00e5 de sociale medier<\/h3>\t\t\t\t<\/div>\n\t\t\t\t<\/div>\n\t\t\t\t<div class=\"elementor-element elementor-element-b7d47db e-grid-align-left elementor-shape-circle e-grid-align-mobile-center elementor-grid-0 elementor-invisible elementor-widget elementor-widget-social-icons\" data-id=\"b7d47db\" data-element_type=\"widget\" data-settings=\"{&quot;_animation&quot;:&quot;fadeIn&quot;,&quot;_animation_delay&quot;:300}\" data-widget_type=\"social-icons.default\">\n\t\t\t\t<div class=\"elementor-widget-container\">\n\t\t\t\t\t\t\t<div class=\"elementor-social-icons-wrapper elementor-grid\" role=\"list\">\n\t\t\t\t\t\t\t<span class=\"elementor-grid-item\" role=\"listitem\">\n\t\t\t\t\t<a class=\"elementor-icon elementor-social-icon elementor-social-icon-facebook-f elementor-repeater-item-5646027\" href=\"https:\/\/www.facebook.com\/AdventureLABstudio\/\" target=\"_blank\">\n\t\t\t\t\t\t<span class=\"elementor-screen-only\">Facebook-f<\/span>\n\t\t\t\t\t\t<i aria-hidden=\"true\" class=\"fab fa-facebook-f\"><\/i>\t\t\t\t\t<\/a>\n\t\t\t\t<\/span>\n\t\t\t\t\t\t\t<span class=\"elementor-grid-item\" role=\"listitem\">\n\t\t\t\t\t<a class=\"elementor-icon elementor-social-icon elementor-social-icon-x-twitter elementor-repeater-item-65e1a6a\" href=\"https:\/\/twitter.com\/adventurelab360\" target=\"_blank\">\n\t\t\t\t\t\t<span class=\"elementor-screen-only\">X-twitter<\/span>\n\t\t\t\t\t\t<i aria-hidden=\"true\" class=\"fab fa-x-twitter\"><\/i>\t\t\t\t\t<\/a>\n\t\t\t\t<\/span>\n\t\t\t\t\t\t\t<span class=\"elementor-grid-item\" role=\"listitem\">\n\t\t\t\t\t<a class=\"elementor-icon elementor-social-icon elementor-social-icon-instagram elementor-repeater-item-72bc942\" href=\"https:\/\/www.instagram.com\/adventurelabstudio\/\" target=\"_blank\">\n\t\t\t\t\t\t<span class=\"elementor-screen-only\">Instagram<\/span>\n\t\t\t\t\t\t<i aria-hidden=\"true\" class=\"fab fa-instagram\"><\/i>\t\t\t\t\t<\/a>\n\t\t\t\t<\/span>\n\t\t\t\t\t\t\t<span class=\"elementor-grid-item\" role=\"listitem\">\n\t\t\t\t\t<a class=\"elementor-icon elementor-social-icon elementor-social-icon-linkedin-in elementor-repeater-item-e32ac22\" href=\"https:\/\/www.linkedin.com\/company\/adventurelab\" target=\"_blank\">\n\t\t\t\t\t\t<span class=\"elementor-screen-only\">Linkedin-in<\/span>\n\t\t\t\t\t\t<i aria-hidden=\"true\" class=\"fab fa-linkedin-in\"><\/i>\t\t\t\t\t<\/a>\n\t\t\t\t<\/span>\n\t\t\t\t\t<\/div>\n\t\t\t\t\t\t<\/div>\n\t\t\t\t<\/div>\n\t\t\t\t\t<\/div>\n\t\t\t\t<\/div>\n\t\t\t\t<\/div>","protected":false},"excerpt":{"rendered":"<p>Powering creative journeys We help organisations develop, design and deliver successful creative strategies and concepts through facilitation, workshops, and by providing additional competencies when needed. https:\/\/adventurelabstudio.auxodev2.dk\/wp-content\/uploads\/AdventureLAB-StudioX.mp4 Where creativity comes to life Get a closer look at how we design creative strategies, develop ideas, and bring stories to life\u2014through solutions, experimentation, and real-world cases. Studio solutions [&hellip;]<\/p>","protected":false},"author":1,"featured_media":0,"parent":0,"menu_order":0,"comment_status":"closed","ping_status":"closed","template":"","meta":{"_acf_changed":false,"footnotes":""},"class_list":["post-1568","page","type-page","status-publish","hentry"],"acf":[],"yoast_head":"<!-- This site is optimized with the Yoast SEO plugin v26.9 - https:\/\/yoast.com\/product\/yoast-seo-wordpress\/ -->\n<title>AdventureLAB Studio - AdventureLAB<\/title>\n<meta name=\"robots\" content=\"noindex, follow, max-snippet:-1, max-image-preview:large, max-video-preview:-1\" \/>\n<meta property=\"og:locale\" content=\"da_DK\" \/>\n<meta property=\"og:type\" content=\"article\" \/>\n<meta property=\"og:title\" content=\"AdventureLAB Studio - AdventureLAB\" \/>\n<meta property=\"og:description\" content=\"Powering creative journeys We help organisations develop, design and deliver successful creative strategies and concepts through facilitation, workshops, and by providing additional competencies when needed. https:\/\/adventurelabstudio.auxodev2.dk\/wp-content\/uploads\/AdventureLAB-StudioX.mp4 Where creativity comes to life Get a closer look at how we design creative strategies, develop ideas, and bring stories to life\u2014through solutions, experimentation, and real-world cases. Studio solutions [&hellip;]\" \/>\n<meta property=\"og:url\" content=\"https:\/\/adventurelabstudio.auxodev2.dk\/da\/adventurelab-studio\/\" \/>\n<meta property=\"og:site_name\" content=\"AdventureLAB\" \/>\n<meta property=\"article:modified_time\" content=\"2025-05-23T09:09:06+00:00\" \/>\n<meta name=\"twitter:card\" content=\"summary_large_image\" \/>\n<meta name=\"twitter:label1\" content=\"Estimeret l\u00e6setid\" \/>\n\t<meta name=\"twitter:data1\" content=\"1 minut\" \/>\n<script type=\"application\/ld+json\" class=\"yoast-schema-graph\">{\"@context\":\"https:\/\/schema.org\",\"@graph\":[{\"@type\":\"WebPage\",\"@id\":\"https:\/\/adventurelabstudio.auxodev2.dk\/adventurelab-studio\/\",\"url\":\"https:\/\/adventurelabstudio.auxodev2.dk\/adventurelab-studio\/\",\"name\":\"AdventureLAB Studio - AdventureLAB\",\"isPartOf\":{\"@id\":\"https:\/\/adventurelabstudio.auxodev2.dk\/#website\"},\"datePublished\":\"2025-04-16T13:08:50+00:00\",\"dateModified\":\"2025-05-23T09:09:06+00:00\",\"inLanguage\":\"da-DK\",\"potentialAction\":[{\"@type\":\"ReadAction\",\"target\":[\"https:\/\/adventurelabstudio.auxodev2.dk\/adventurelab-studio\/\"]}]},{\"@type\":\"WebSite\",\"@id\":\"https:\/\/adventurelabstudio.auxodev2.dk\/#website\",\"url\":\"https:\/\/adventurelabstudio.auxodev2.dk\/\",\"name\":\"AdventureLAB\",\"description\":\"\",\"publisher\":{\"@id\":\"https:\/\/adventurelabstudio.auxodev2.dk\/#organization\"},\"potentialAction\":[{\"@type\":\"SearchAction\",\"target\":{\"@type\":\"EntryPoint\",\"urlTemplate\":\"https:\/\/adventurelabstudio.auxodev2.dk\/?s={search_term_string}\"},\"query-input\":{\"@type\":\"PropertyValueSpecification\",\"valueRequired\":true,\"valueName\":\"search_term_string\"}}],\"inLanguage\":\"da-DK\"},{\"@type\":\"Organization\",\"@id\":\"https:\/\/adventurelabstudio.auxodev2.dk\/#organization\",\"name\":\"AdventureLAB\",\"url\":\"https:\/\/adventurelabstudio.auxodev2.dk\/\",\"logo\":{\"@type\":\"ImageObject\",\"inLanguage\":\"da-DK\",\"@id\":\"https:\/\/adventurelabstudio.auxodev2.dk\/#\/schema\/logo\/image\/\",\"url\":\"https:\/\/adventurelabstudio.auxodev2.dk\/wp-content\/uploads\/AdventureLAB-Logo-scaled.png\",\"contentUrl\":\"https:\/\/adventurelabstudio.auxodev2.dk\/wp-content\/uploads\/AdventureLAB-Logo-scaled.png\",\"width\":2048,\"height\":196,\"caption\":\"AdventureLAB\"},\"image\":{\"@id\":\"https:\/\/adventurelabstudio.auxodev2.dk\/#\/schema\/logo\/image\/\"}}]}<\/script>\n<!-- \/ Yoast SEO plugin. -->","yoast_head_json":{"title":"AdventureLAB Studio - AdventureLAB","robots":{"index":"noindex","follow":"follow","max-snippet":"max-snippet:-1","max-image-preview":"max-image-preview:large","max-video-preview":"max-video-preview:-1"},"og_locale":"da_DK","og_type":"article","og_title":"AdventureLAB Studio - AdventureLAB","og_description":"Powering creative journeys We help organisations develop, design and deliver successful creative strategies and concepts through facilitation, workshops, and by providing additional competencies when needed. https:\/\/adventurelabstudio.auxodev2.dk\/wp-content\/uploads\/AdventureLAB-StudioX.mp4 Where creativity comes to life Get a closer look at how we design creative strategies, develop ideas, and bring stories to life\u2014through solutions, experimentation, and real-world cases. Studio solutions [&hellip;]","og_url":"https:\/\/adventurelabstudio.auxodev2.dk\/da\/adventurelab-studio\/","og_site_name":"AdventureLAB","article_modified_time":"2025-05-23T09:09:06+00:00","twitter_card":"summary_large_image","twitter_misc":{"Estimeret l\u00e6setid":"1 minut"},"schema":{"@context":"https:\/\/schema.org","@graph":[{"@type":"WebPage","@id":"https:\/\/adventurelabstudio.auxodev2.dk\/adventurelab-studio\/","url":"https:\/\/adventurelabstudio.auxodev2.dk\/adventurelab-studio\/","name":"AdventureLAB Studio - AdventureLAB","isPartOf":{"@id":"https:\/\/adventurelabstudio.auxodev2.dk\/#website"},"datePublished":"2025-04-16T13:08:50+00:00","dateModified":"2025-05-23T09:09:06+00:00","inLanguage":"da-DK","potentialAction":[{"@type":"ReadAction","target":["https:\/\/adventurelabstudio.auxodev2.dk\/adventurelab-studio\/"]}]},{"@type":"WebSite","@id":"https:\/\/adventurelabstudio.auxodev2.dk\/#website","url":"https:\/\/adventurelabstudio.auxodev2.dk\/","name":"AdventureLAB","description":"","publisher":{"@id":"https:\/\/adventurelabstudio.auxodev2.dk\/#organization"},"potentialAction":[{"@type":"SearchAction","target":{"@type":"EntryPoint","urlTemplate":"https:\/\/adventurelabstudio.auxodev2.dk\/?s={search_term_string}"},"query-input":{"@type":"PropertyValueSpecification","valueRequired":true,"valueName":"search_term_string"}}],"inLanguage":"da-DK"},{"@type":"Organization","@id":"https:\/\/adventurelabstudio.auxodev2.dk\/#organization","name":"AdventureLAB","url":"https:\/\/adventurelabstudio.auxodev2.dk\/","logo":{"@type":"ImageObject","inLanguage":"da-DK","@id":"https:\/\/adventurelabstudio.auxodev2.dk\/#\/schema\/logo\/image\/","url":"https:\/\/adventurelabstudio.auxodev2.dk\/wp-content\/uploads\/AdventureLAB-Logo-scaled.png","contentUrl":"https:\/\/adventurelabstudio.auxodev2.dk\/wp-content\/uploads\/AdventureLAB-Logo-scaled.png","width":2048,"height":196,"caption":"AdventureLAB"},"image":{"@id":"https:\/\/adventurelabstudio.auxodev2.dk\/#\/schema\/logo\/image\/"}}]}},"_links":{"self":[{"href":"https:\/\/adventurelabstudio.auxodev2.dk\/da\/wp-json\/wp\/v2\/pages\/1568","targetHints":{"allow":["GET"]}}],"collection":[{"href":"https:\/\/adventurelabstudio.auxodev2.dk\/da\/wp-json\/wp\/v2\/pages"}],"about":[{"href":"https:\/\/adventurelabstudio.auxodev2.dk\/da\/wp-json\/wp\/v2\/types\/page"}],"author":[{"embeddable":true,"href":"https:\/\/adventurelabstudio.auxodev2.dk\/da\/wp-json\/wp\/v2\/users\/1"}],"replies":[{"embeddable":true,"href":"https:\/\/adventurelabstudio.auxodev2.dk\/da\/wp-json\/wp\/v2\/comments?post=1568"}],"version-history":[{"count":20,"href":"https:\/\/adventurelabstudio.auxodev2.dk\/da\/wp-json\/wp\/v2\/pages\/1568\/revisions"}],"predecessor-version":[{"id":2794,"href":"https:\/\/adventurelabstudio.auxodev2.dk\/da\/wp-json\/wp\/v2\/pages\/1568\/revisions\/2794"}],"wp:attachment":[{"href":"https:\/\/adventurelabstudio.auxodev2.dk\/da\/wp-json\/wp\/v2\/media?parent=1568"}],"curies":[{"name":"wp","href":"https:\/\/api.w.org\/{rel}","templated":true}]}}